{"id":16074,"date":"2016-06-22T08:18:13","date_gmt":"2016-06-22T08:18:13","guid":{"rendered":"http:\/\/lavigneraielevens.com\/services\/"},"modified":"2026-03-16T03:11:07","modified_gmt":"2026-03-16T03:11:07","slug":"services","status":"publish","type":"page","link":"http:\/\/lavigneraielevens.com\/en\/services\/","title":{"rendered":"Services"},"content":{"rendered":"<div id=\"cmsmasters_row_a238d4fa81\" class=\"cmsmasters_row cmsmasters_color_scheme_default cmsmasters_row_top_default cmsmasters_row_bot_default cmsmasters_row_boxed\">\n<div class=\"cmsmasters_row_outer_parent\">\n<div class=\"cmsmasters_row_outer\">\n<div class=\"cmsmasters_row_inner\">\n<div class=\"cmsmasters_row_margin\">\n<div id=\"cmsmasters_column_f77c8e6d30\" class=\"cmsmasters_column one_first\">\n<div class=\"cmsmasters_column_inner\"><div id=\"cmsmasters_heading_f936a1f7a2\" class=\"cmsmasters_heading_wrap cmsmasters_heading_align_center\">\n\t<h3 class=\"cmsmasters_heading\">Facilities<\/h3>\n<\/div><div id=\"cmsmasters_heading_b033062ba6\" class=\"cmsmasters_heading_wrap cmsmasters_heading_align_center\">\n\t<h2 class=\"cmsmasters_heading\">Services<\/h2>\n<\/div>\n<\/div><\/div>\n<\/div>\n<\/div>\n<\/div>\n<\/div>\n<\/div>\n<div id=\"cmsmasters_row_797dc8c21c\" class=\"cmsmasters_row cmsmasters_color_scheme_default cmsmasters_row_top_default cmsmasters_row_bot_default cmsmasters_row_boxed\">\n<div class=\"cmsmasters_row_outer_parent\">\n<div class=\"cmsmasters_row_outer\">\n<div class=\"cmsmasters_row_inner\">\n<div class=\"cmsmasters_row_margin cmsmasters_row_columns_behavior\">\n<div id=\"cmsmasters_column_cb977c6769\" class=\"cmsmasters_column one_third\">\n<div class=\"cmsmasters_column_inner\"><div id=\"cmsmasters_fb_bda163ac6b\" class=\"cmsmasters_featured_block\">\n<div class=\"featured_block_inner\">\n<div class=\"featured_block_text\">\n<h2 style=\"text-align: center;\"><span style=\"color: #ffffff; font-size: 30px; line-height: 40px;\">Restaurant<\/span><\/h2>\n\n<\/div>\n<\/div>\n<\/div>\n<\/div><\/div>\n<div id=\"cmsmasters_column_13z1eow9vo\" class=\"cmsmasters_column one_third\">\n<div class=\"cmsmasters_column_inner\"><div id=\"cmsmasters_fb_c646ae4ac6\" class=\"cmsmasters_featured_block\">\n<div class=\"featured_block_inner\">\n<div class=\"featured_block_text\">\n<h2 style=\"text-align: center;\"><span style=\"color: #ffffff; font-size: 30px; line-height: 40px;\">Parking<\/span><\/h2>\n\n<\/div>\n<\/div>\n<\/div>\n<\/div><\/div>\n<div id=\"cmsmasters_column_frce7dgfgm\" class=\"cmsmasters_column one_third\">\n<div class=\"cmsmasters_column_inner\"><div id=\"cmsmasters_fb_7eaa133caa\" class=\"cmsmasters_featured_block\">\n<div class=\"featured_block_inner\">\n<div class=\"featured_block_text\">\n<h2 style=\"text-align: center;\"><span style=\"color: #ffffff; font-size: 30px; line-height: 40px;\">Free Wifi<\/span><\/h2>\n\n<\/div>\n<\/div>\n<\/div>\n<\/div><\/div>\n<\/div>\n<\/div>\n<\/div>\n<\/div>\n<\/div>\n<div id=\"cmsmasters_row_bry6h2hske\" class=\"cmsmasters_row cmsmasters_color_scheme_default cmsmasters_row_top_default cmsmasters_row_bot_default cmsmasters_row_boxed\">\n<div class=\"cmsmasters_row_outer_parent\">\n<div class=\"cmsmasters_row_outer\">\n<div class=\"cmsmasters_row_inner\">\n<div class=\"cmsmasters_row_margin\">\n<div id=\"cmsmasters_column_w131plxakd\" class=\"cmsmasters_column one_first\">\n<div class=\"cmsmasters_column_inner\"><div id=\"cmsmasters_heading_xysf4tzkqm\" class=\"cmsmasters_heading_wrap cmsmasters_heading_align_center\">\n\t<h2 class=\"cmsmasters_heading\">Services<\/h2>\n<\/div><ul id=\"cmsmasters_icon_list_items_jayoozn8xl\" class=\"cmsmasters_icon_list_items cmsmasters_icon_list_type_block cmsmasters_icon_list_pos_left cmsmasters_color_type_border\"><li id=\"cmsmasters_icon_list_item_oud1a7r49l\" class=\"cmsmasters_icon_list_item\">\n<div class=\"cmsmasters_icon_list_item_inner\">\n<div class=\"cmsmasters_icon_list_icon_wrap\">\n<span class=\"cmsmasters_icon_list_icon cmsmasters-icon-custom-restoraunt\"><\/span>\n<\/div>\n<div class=\"cmsmasters_icon_list_item_content\">\n<h4 class=\"cmsmasters_icon_list_item_title\">Restaurant<\/h4>\n<div class=\"cmsmasters_icon_list_item_text\">\n<p>Each evening, discover the authenticity of our cuisine by sampling one of our Chef&#8217;s many homemade preparations. Let yourself be enchanted by this immersive culinary experience at the heart of our terroir, where each dish tells a regional story.<\/p>\n<\/div>\n<\/div>\n<\/div>\n<\/li><li id=\"cmsmasters_icon_list_item_ysr5xlcnvj\" class=\"cmsmasters_icon_list_item\">\n<div class=\"cmsmasters_icon_list_item_inner\">\n<div class=\"cmsmasters_icon_list_icon_wrap\">\n<span class=\"cmsmasters_icon_list_icon cmsmasters-icon-custom-breakfast\"><\/span>\n<\/div>\n<div class=\"cmsmasters_icon_list_item_content\">\n<h4 class=\"cmsmasters_icon_list_item_title\">Breakfast<\/h4>\n<div class=\"cmsmasters_icon_list_item_text\">\n<p>Get your day off to a good start with a delicious breakfast served in the dining room or on the terrace. Young and old alike will find something to satisfy their morning cravings among our various formulas.<\/p>\n<\/div>\n<\/div>\n<\/div>\n<\/li><li id=\"cmsmasters_icon_list_item_tkd9iu8ugl\" class=\"cmsmasters_icon_list_item\">\n<div class=\"cmsmasters_icon_list_item_inner\">\n<div class=\"cmsmasters_icon_list_icon_wrap\">\n<span class=\"cmsmasters_icon_list_icon cmsmasters-icon-custom-parking\"><\/span>\n<\/div>\n<div class=\"cmsmasters_icon_list_item_content\">\n<h4 class=\"cmsmasters_icon_list_item_title\">Free Private Parking<\/h4>\n<div class=\"cmsmasters_icon_list_item_text\">\n<p>Enjoy the convenience of our vast private car park, available free of charge exclusively to our guests, ensuring safe and easy parking for all types of vehicles, even the largest.<\/p>\n<\/div>\n<\/div>\n<\/div>\n<\/li><li id=\"cmsmasters_icon_list_item_rhvbb1p1w\" class=\"cmsmasters_icon_list_item\">\n<div class=\"cmsmasters_icon_list_item_inner\">\n<div class=\"cmsmasters_icon_list_icon_wrap\">\n<span class=\"cmsmasters_icon_list_icon cmsmasters-icon-energy\"><\/span>\n<\/div>\n<div class=\"cmsmasters_icon_list_item_content\">\n<h4 class=\"cmsmasters_icon_list_item_title\">Electric Vehicle Charging Point<\/h4>\n<div class=\"cmsmasters_icon_list_item_text\">\n<p>For the convenience of our guests, an electric vehicle charging point is available in the hotel car park. This allows you to charge your vehicle with ease and enjoy your stay to the full with complete peace of mind.<\/p>\n<\/div>\n<\/div>\n<\/div>\n<\/li><li id=\"cmsmasters_icon_list_item_f9ru8oz0sj\" class=\"cmsmasters_icon_list_item\">\n<div class=\"cmsmasters_icon_list_item_inner\">\n<div class=\"cmsmasters_icon_list_icon_wrap\">\n<span class=\"cmsmasters_icon_list_icon cmsmasters-icon-wifi\"><\/span>\n<\/div>\n<div class=\"cmsmasters_icon_list_item_content\">\n<h4 class=\"cmsmasters_icon_list_item_title\">Free Wifi<\/h4>\n<div class=\"cmsmasters_icon_list_item_text\">\n<p>Throughout your stay, stay connected wherever you are in our establishment with our free, fast and reliable Wi-Fi, ensuring a seamless experience.<\/p>\n<\/div>\n<\/div>\n<\/div>\n<\/li><li id=\"cmsmasters_icon_list_item_ffretvsp5f\" class=\"cmsmasters_icon_list_item\">\n<div class=\"cmsmasters_icon_list_item_inner\">\n<div class=\"cmsmasters_icon_list_icon_wrap\">\n<span class=\"cmsmasters_icon_list_icon cmsmasters-icon-custom-minibar\"><\/span>\n<\/div>\n<div class=\"cmsmasters_icon_list_item_content\">\n<h4 class=\"cmsmasters_icon_list_item_title\">Bar \/ Caf\u00e9<\/h4>\n<div class=\"cmsmasters_icon_list_item_text\">\n<p>At any time of day, enjoy a well-deserved break with a drink at our bar. Enjoy the ambience of our terrace, which offers a stylish and relaxed setting for sipping your favourite drinks.<\/p>\n<\/div>\n<\/div>\n<\/div>\n<\/li><li id=\"cmsmasters_icon_list_item_c2zxkdt9ai\" class=\"cmsmasters_icon_list_item\">\n<div class=\"cmsmasters_icon_list_item_inner\">\n<div class=\"cmsmasters_icon_list_icon_wrap\">\n<span class=\"cmsmasters_icon_list_icon cmsmasters-icon-lock-3\"><\/span>\n<\/div>\n<div class=\"cmsmasters_icon_list_item_content\">\n<h4 class=\"cmsmasters_icon_list_item_title\">Storage room<\/h4>\n<div class=\"cmsmasters_icon_list_item_text\">\n<p>Making life easier for travellers, we offer a secure room for free parking of bicycles and bulky equipment. Take advantage of our dedicated facilities, ensuring peace of mind and optimum security for your personal belongings.<\/p>\n<\/div>\n<\/div>\n<\/div>\n<\/li><li id=\"cmsmasters_icon_list_item_oq12rpbryc\" class=\"cmsmasters_icon_list_item\">\n<div class=\"cmsmasters_icon_list_item_inner\">\n<div class=\"cmsmasters_icon_list_icon_wrap\">\n<span class=\"cmsmasters_icon_list_icon cmsmasters-icon-wheelchair\"><\/span>\n<\/div>\n<div class=\"cmsmasters_icon_list_item_content\">\n<h4 class=\"cmsmasters_icon_list_item_title\">Reduced mobility<\/h4>\n<div class=\"cmsmasters_icon_list_item_text\">\n<p>The hotel has a ground-floor room equipped for guests with reduced mobility. Although the hotel\u2019s external access points are not yet fully adapted; our team is available to assist you and\u00a0 and ensure a smooth arrival and check-in.<\/p>\n<\/div>\n<\/div>\n<\/div>\n<\/li><li id=\"cmsmasters_icon_list_item_vojlfwdygj\" class=\"cmsmasters_icon_list_item\">\n<div class=\"cmsmasters_icon_list_item_inner\">\n<div class=\"cmsmasters_icon_list_icon_wrap\">\n<span class=\"cmsmasters_icon_list_icon cmsmasters-icon-custom-laundry\"><\/span>\n<\/div>\n<div class=\"cmsmasters_icon_list_item_content\">\n<h4 class=\"cmsmasters_icon_list_item_title\">Laundry Service<\/h4>\n<div class=\"cmsmasters_icon_list_item_text\">\n<p>Simplify your journey by using our laundry service. You can have your laundry done directly on site, offering a convenient solution for a hassle-free stay and always fresh clothes.<\/p>\n<\/div>\n<\/div>\n<\/div>\n<\/li><li id=\"cmsmasters_icon_list_item_w7johbt2mo\" class=\"cmsmasters_icon_list_item\">\n<div class=\"cmsmasters_icon_list_item_inner\">\n<div class=\"cmsmasters_icon_list_icon_wrap\">\n<span class=\"cmsmasters_icon_list_icon cmsmasters-icon-paw\"><\/span>\n<\/div>\n<div class=\"cmsmasters_icon_list_item_content\">\n<h4 class=\"cmsmasters_icon_list_item_title\">Pets<\/h4>\n<div class=\"cmsmasters_icon_list_item_text\">\n<p>We regret to inform you that pets are not allowed in our establishment.<\/p>\n<\/div>\n<\/div>\n<\/div>\n<\/li><\/ul>\n<\/div><\/div>\n<\/div>\n<\/div>\n<\/div>\n<\/div>\n<\/div>\n<div id=\"cmsmasters_row_ztypz4vpie\" class=\"cmsmasters_row cmsmasters_color_scheme_default cmsmasters_row_top_default cmsmasters_row_bot_default cmsmasters_row_boxed\">\n<div class=\"cmsmasters_row_outer_parent\">\n<div class=\"cmsmasters_row_outer\">\n<div class=\"cmsmasters_row_inner\">\n<div class=\"cmsmasters_row_margin\">\n<div id=\"cmsmasters_column_49g2a7qe6t\" class=\"cmsmasters_column one_first\">\n<div class=\"cmsmasters_column_inner\"><\/div><\/div>\n<\/div>\n<\/div>\n<\/div>\n<\/div>\n<\/div>\n<div id=\"cmsmasters_row_37c191f42d\" class=\"cmsmasters_row cmsmasters_color_scheme_default cmsmasters_row_top_default cmsmasters_row_bot_default cmsmasters_row_boxed\">\n<div class=\"cmsmasters_row_outer_parent\">\n<div class=\"cmsmasters_row_outer\">\n<div class=\"cmsmasters_row_inner\">\n<div class=\"cmsmasters_row_margin\">\n<div id=\"cmsmasters_column_ee29ba77bb\" class=\"cmsmasters_column one_first\">\n<div class=\"cmsmasters_column_inner\"><div id=\"cmsmasters_heading_4f61a9a49c\" class=\"cmsmasters_heading_wrap cmsmasters_heading_align_left\">\n\t<h3 class=\"cmsmasters_heading\">Benefit<\/h3>\n<\/div><div id=\"cmsmasters_heading_177e36408a\" class=\"cmsmasters_heading_wrap cmsmasters_heading_align_left\">\n\t<h2 class=\"cmsmasters_heading\">RESERVE NOW!<\/h2>\n<\/div><div id=\"cmsmasters_button_189a21456b\" class=\"button_wrap\"><a href=\"http:\/\/lavigneraielevens.com\/en\/reservation\/\" class=\"cmsmasters_button\"><span>BOOK HERE<\/span><\/a><\/div>\n<\/div><\/div>\n<\/div>\n<\/div>\n<\/div>\n<\/div>\n<\/div>\n\n","protected":false},"excerpt":{"rendered":"","protected":false},"author":1,"featured_media":0,"parent":0,"menu_order":0,"comment_status":"closed","ping_status":"closed","template":"","meta":{"footnotes":""},"class_list":["post-16074","page","type-page","status-publish","hentry"],"yoast_head":"<!-- This site is optimized with the Yoast SEO plugin v27.5 - https:\/\/yoast.com\/product\/yoast-seo-wordpress\/ -->\n<title>Services &#8226; Parking Priv\u00e9 - Salle de Billard &#8226; H\u00f4tel La Vigneraie \u00e0 Levens<\/title>\n<meta name=\"description\" content=\"Le petit d\u00e9jeuner est servi en salle ou en terrasse. Parking Priv\u00e9. Connexion Wifi Gratuite. Table de billard et Plus!\" \/>\n<meta name=\"robots\" content=\"index, follow, max-snippet:-1, max-image-preview:large, max-video-preview:-1\" \/>\n<link rel=\"canonical\" href=\"http:\/\/lavigneraielevens.com\/en\/services\/\" \/>\n<meta property=\"og:locale\" content=\"en_US\" \/>\n<meta property=\"og:type\" content=\"article\" \/>\n<meta property=\"og:title\" content=\"Services &#8226; Parking Priv\u00e9 - Salle de Billard &#8226; H\u00f4tel La Vigneraie \u00e0 Levens\" \/>\n<meta property=\"og:description\" content=\"Le petit d\u00e9jeuner est servi en salle ou en terrasse. Parking Priv\u00e9. Connexion Wifi Gratuite. Table de billard et Plus!\" \/>\n<meta property=\"og:url\" content=\"http:\/\/lavigneraielevens.com\/en\/services\/\" \/>\n<meta property=\"og:site_name\" content=\"H\u00f4tel La Vigneraie \u00e0 Levens\" \/>\n<meta property=\"article:publisher\" content=\"https:\/\/www.facebook.com\/La-vigneraie-levens-894157024278357\/\" \/>\n<meta property=\"article:modified_time\" content=\"2026-03-16T03:11:07+00:00\" \/>\n<meta name=\"twitter:card\" content=\"summary_large_image\" \/>\n<meta name=\"twitter:label1\" content=\"Est. reading time\" \/>\n\t<meta name=\"twitter:data1\" content=\"3 minutes\" \/>\n<script type=\"application\/ld+json\" class=\"yoast-schema-graph\">{\"@context\":\"https:\\\/\\\/schema.org\",\"@graph\":[{\"@type\":\"WebPage\",\"@id\":\"http:\\\/\\\/lavigneraielevens.com\\\/en\\\/services\\\/\",\"url\":\"http:\\\/\\\/lavigneraielevens.com\\\/en\\\/services\\\/\",\"name\":\"Services &#8226; Parking Priv\u00e9 - Salle de Billard &#8226; H\u00f4tel La Vigneraie \u00e0 Levens\",\"isPartOf\":{\"@id\":\"http:\\\/\\\/lavigneraielevens.com\\\/#website\"},\"datePublished\":\"2016-06-22T08:18:13+00:00\",\"dateModified\":\"2026-03-16T03:11:07+00:00\",\"description\":\"Le petit d\u00e9jeuner est servi en salle ou en terrasse. Parking Priv\u00e9. Connexion Wifi Gratuite. Table de billard et Plus!\",\"breadcrumb\":{\"@id\":\"http:\\\/\\\/lavigneraielevens.com\\\/en\\\/services\\\/#breadcrumb\"},\"inLanguage\":\"en-US\",\"potentialAction\":[{\"@type\":\"ReadAction\",\"target\":[\"http:\\\/\\\/lavigneraielevens.com\\\/en\\\/services\\\/\"]}]},{\"@type\":\"BreadcrumbList\",\"@id\":\"http:\\\/\\\/lavigneraielevens.com\\\/en\\\/services\\\/#breadcrumb\",\"itemListElement\":[{\"@type\":\"ListItem\",\"position\":1,\"name\":\"Home\",\"item\":\"https:\\\/\\\/lavigneraielevens.com\\\/en\\\/\"},{\"@type\":\"ListItem\",\"position\":2,\"name\":\"Services\"}]},{\"@type\":\"WebSite\",\"@id\":\"http:\\\/\\\/lavigneraielevens.com\\\/#website\",\"url\":\"http:\\\/\\\/lavigneraielevens.com\\\/\",\"name\":\"La Vignaraie Levens\",\"description\":\"Site Officiel - Meilleur Prix Garanti\",\"publisher\":{\"@id\":\"http:\\\/\\\/lavigneraielevens.com\\\/#organization\"},\"potentialAction\":[{\"@type\":\"SearchAction\",\"target\":{\"@type\":\"EntryPoint\",\"urlTemplate\":\"http:\\\/\\\/lavigneraielevens.com\\\/?s={search_term_string}\"},\"query-input\":{\"@type\":\"PropertyValueSpecification\",\"valueRequired\":true,\"valueName\":\"search_term_string\"}}],\"inLanguage\":\"en-US\"},{\"@type\":\"Organization\",\"@id\":\"http:\\\/\\\/lavigneraielevens.com\\\/#organization\",\"name\":\"La Vigneraie de Levens\",\"url\":\"http:\\\/\\\/lavigneraielevens.com\\\/\",\"logo\":{\"@type\":\"ImageObject\",\"inLanguage\":\"en-US\",\"@id\":\"http:\\\/\\\/lavigneraielevens.com\\\/#\\\/schema\\\/logo\\\/image\\\/\",\"url\":\"http:\\\/\\\/lavigneraielevens.com\\\/wp-content\\\/uploads\\\/2019\\\/05\\\/logo-hor-blk_transp-8.png\",\"contentUrl\":\"http:\\\/\\\/lavigneraielevens.com\\\/wp-content\\\/uploads\\\/2019\\\/05\\\/logo-hor-blk_transp-8.png\",\"width\":772,\"height\":461,\"caption\":\"La Vigneraie de Levens\"},\"image\":{\"@id\":\"http:\\\/\\\/lavigneraielevens.com\\\/#\\\/schema\\\/logo\\\/image\\\/\"},\"sameAs\":[\"https:\\\/\\\/www.facebook.com\\\/La-vigneraie-levens-894157024278357\\\/\"]}]}<\/script>\n<!-- \/ Yoast SEO plugin. -->","yoast_head_json":{"title":"Services &#8226; Parking Priv\u00e9 - Salle de Billard &#8226; H\u00f4tel La Vigneraie \u00e0 Levens","description":"Le petit d\u00e9jeuner est servi en salle ou en terrasse. Parking Priv\u00e9. Connexion Wifi Gratuite. Table de billard et Plus!","robots":{"index":"index","follow":"follow","max-snippet":"max-snippet:-1","max-image-preview":"max-image-preview:large","max-video-preview":"max-video-preview:-1"},"canonical":"http:\/\/lavigneraielevens.com\/en\/services\/","og_locale":"en_US","og_type":"article","og_title":"Services &#8226; Parking Priv\u00e9 - Salle de Billard &#8226; H\u00f4tel La Vigneraie \u00e0 Levens","og_description":"Le petit d\u00e9jeuner est servi en salle ou en terrasse. Parking Priv\u00e9. Connexion Wifi Gratuite. Table de billard et Plus!","og_url":"http:\/\/lavigneraielevens.com\/en\/services\/","og_site_name":"H\u00f4tel La Vigneraie \u00e0 Levens","article_publisher":"https:\/\/www.facebook.com\/La-vigneraie-levens-894157024278357\/","article_modified_time":"2026-03-16T03:11:07+00:00","twitter_card":"summary_large_image","twitter_misc":{"Est. reading time":"3 minutes"},"schema":{"@context":"https:\/\/schema.org","@graph":[{"@type":"WebPage","@id":"http:\/\/lavigneraielevens.com\/en\/services\/","url":"http:\/\/lavigneraielevens.com\/en\/services\/","name":"Services &#8226; Parking Priv\u00e9 - Salle de Billard &#8226; H\u00f4tel La Vigneraie \u00e0 Levens","isPartOf":{"@id":"http:\/\/lavigneraielevens.com\/#website"},"datePublished":"2016-06-22T08:18:13+00:00","dateModified":"2026-03-16T03:11:07+00:00","description":"Le petit d\u00e9jeuner est servi en salle ou en terrasse. Parking Priv\u00e9. Connexion Wifi Gratuite. Table de billard et Plus!","breadcrumb":{"@id":"http:\/\/lavigneraielevens.com\/en\/services\/#breadcrumb"},"inLanguage":"en-US","potentialAction":[{"@type":"ReadAction","target":["http:\/\/lavigneraielevens.com\/en\/services\/"]}]},{"@type":"BreadcrumbList","@id":"http:\/\/lavigneraielevens.com\/en\/services\/#breadcrumb","itemListElement":[{"@type":"ListItem","position":1,"name":"Home","item":"https:\/\/lavigneraielevens.com\/en\/"},{"@type":"ListItem","position":2,"name":"Services"}]},{"@type":"WebSite","@id":"http:\/\/lavigneraielevens.com\/#website","url":"http:\/\/lavigneraielevens.com\/","name":"La Vignaraie Levens","description":"Site Officiel - Meilleur Prix Garanti","publisher":{"@id":"http:\/\/lavigneraielevens.com\/#organization"},"potentialAction":[{"@type":"SearchAction","target":{"@type":"EntryPoint","urlTemplate":"http:\/\/lavigneraielevens.com\/?s={search_term_string}"},"query-input":{"@type":"PropertyValueSpecification","valueRequired":true,"valueName":"search_term_string"}}],"inLanguage":"en-US"},{"@type":"Organization","@id":"http:\/\/lavigneraielevens.com\/#organization","name":"La Vigneraie de Levens","url":"http:\/\/lavigneraielevens.com\/","logo":{"@type":"ImageObject","inLanguage":"en-US","@id":"http:\/\/lavigneraielevens.com\/#\/schema\/logo\/image\/","url":"http:\/\/lavigneraielevens.com\/wp-content\/uploads\/2019\/05\/logo-hor-blk_transp-8.png","contentUrl":"http:\/\/lavigneraielevens.com\/wp-content\/uploads\/2019\/05\/logo-hor-blk_transp-8.png","width":772,"height":461,"caption":"La Vigneraie de Levens"},"image":{"@id":"http:\/\/lavigneraielevens.com\/#\/schema\/logo\/image\/"},"sameAs":["https:\/\/www.facebook.com\/La-vigneraie-levens-894157024278357\/"]}]}},"_links":{"self":[{"href":"http:\/\/lavigneraielevens.com\/en\/wp-json\/wp\/v2\/pages\/16074","targetHints":{"allow":["GET"]}}],"collection":[{"href":"http:\/\/lavigneraielevens.com\/en\/wp-json\/wp\/v2\/pages"}],"about":[{"href":"http:\/\/lavigneraielevens.com\/en\/wp-json\/wp\/v2\/types\/page"}],"author":[{"embeddable":true,"href":"http:\/\/lavigneraielevens.com\/en\/wp-json\/wp\/v2\/users\/1"}],"replies":[{"embeddable":true,"href":"http:\/\/lavigneraielevens.com\/en\/wp-json\/wp\/v2\/comments?post=16074"}],"version-history":[{"count":24,"href":"http:\/\/lavigneraielevens.com\/en\/wp-json\/wp\/v2\/pages\/16074\/revisions"}],"predecessor-version":[{"id":18151,"href":"http:\/\/lavigneraielevens.com\/en\/wp-json\/wp\/v2\/pages\/16074\/revisions\/18151"}],"wp:attachment":[{"href":"http:\/\/lavigneraielevens.com\/en\/wp-json\/wp\/v2\/media?parent=16074"}],"curies":[{"name":"wp","href":"https:\/\/api.w.org\/{rel}","templated":true}]}}